{"id":21,"date":"2019-11-29T11:04:00","date_gmt":"2019-11-29T10:04:00","guid":{"rendered":"http:\/\/phantomblasterdragons.es\/vanguard\/?page_id=21"},"modified":"2020-01-05T16:08:33","modified_gmt":"2020-01-05T15:08:33","slug":"reglas-liga","status":"publish","type":"page","link":"https:\/\/phantomblasterdragons.es\/vanguard\/reglas-liga\/","title":{"rendered":"reglas Liga"},"content":{"rendered":"\n<p><strong>Liga de\nvanguard.<\/strong><\/p>\n\n\n\n<p>La liga est\u00e1 conformada por 12\njornadas (12 s\u00e1bados) en formato Est\u00e1ndar.<\/p>\n\n\n\n<figure class=\"wp-block-image\"><img src=\"\" alt=\"\"\/><\/figure>\n\n\n\n<p>-cada jornada se llevara a cabo un\ntorneo que constara en partidas al mejor de 3 de una duraci\u00f3n de 20-30 minutos\nde duraci\u00f3n dependiendo de la participaci\u00f3n y de las rondas necesarias, y se\nbasara en un sistema de puntos para determinar al ganador del torneo. Los\npuntos ser\u00e1n distribuidos del siguiente modo por partida.<\/p>\n\n\n\n<p>-victoria 3 puntos.<\/p>\n\n\n\n<p>-derrota 0 puntos.<\/p>\n\n\n\n<p>-empate 1 punto.<\/p>\n\n\n\n<p>&#8211; Bye 2 puntos y contara como\nvictoria<\/p>\n\n\n\n<p>En caso de que\nempate en puntos o diferencia de 1, y misma cantidad de victorias y derrotas se\nrealizara una ronda extra para determinar al ganador.<\/p>\n\n\n\n<p>-al finalizar cada jornada se\ndistribuir\u00e1n puntos del siguiente modo para la liga:<\/p>\n\n\n\n<p>-1\u00ba&nbsp; 5 puntos.<\/p>\n\n\n\n<p>-2\u00ba&nbsp; 4 puntos.<\/p>\n\n\n\n<p>-3\u00ba&nbsp; 3 puntos.<\/p>\n\n\n\n<p>-4\u00ba &#8211; para abajo 1 punto.<\/p>\n\n\n\n<ul><li>Las\njornadas 4\u00ba y 8\u00ba se realizara un torneo especial con reglas especiales, que se\nanunciaran el d\u00eda lunes o martes de la semana\ncorrespondiente<\/li><li>La\n\u00faltima jornada (12\u00ba) dependiendo de la participaci\u00f3n del d\u00eda se realizara una\nde las siguientes opciones.<\/li><\/ul>\n\n\n\n<p><em>&#8211; torneo de liga + top (m\u00ednimo 8) la liga\nser\u00e1 al mejor de 1 con una duraci\u00f3n de 8 minutos por partida, los participantes\nser\u00e1n divididos en grupos dependiendo de participaci\u00f3n que tendr\u00e1n como cabeza\nde serie a los primeros de la liga, todos los participantes del grupo se\nenfrentar\u00e1n entre s\u00ed en partidas de ida y vuelta donde el local siempre\nempezara la partida (formato fase de grupos champions league). Dentro de los\ngrupos se asignaran los puntos:<\/em><\/p>\n\n\n\n<p><em>-victoria\n3 puntos.<\/em><\/p>\n\n\n\n<p><em>-derrota\n0 puntos.<\/em><\/p>\n\n\n\n<p><em>-empate 1 punto.<\/em><\/p>\n\n\n\n<p><em>&#8211;\nBye 2 puntos y contara como victoria<\/em><\/p>\n\n\n\n<p><em>Dependiendo de los grupos y\nparticipantes se determinara el n\u00famero de jugadores que pasaran de cada grupo.<\/em><\/p>\n\n\n\n<p><em>En caso de empate se determinara\nquien pasa se llevara a cabo por el enfrentamiento directo entre los jugadores\nque empataron, si es el mismo resultado, ser\u00e1 por el n\u00famero de da\u00f1os en las\npartidas, teniendo como prioridad siempre los enfrentamientos directos.<\/em><\/p>\n\n\n\n<p><em>El top se realizara al mejor de 3 con un\ntiempo de 20-30 minutos y donde escoger\u00e1 si empezar o no la 1\u00ba partida el de\nmejor resultado personal 1 &gt;2 &gt;3 y las siguientes partidas escoger\u00e1 si\nempezar o no el jugador que perdi\u00f3.<\/em><\/p>\n\n\n\n<p><em>Las partidas en este punto ser\u00e1n\neliminatorias. Donde los ganadores avanzaran a la siguiente ronda<\/em><br><\/p>\n\n\n\n<p><em>&#8211; torneo de liga + top (menos de 8)<\/em><\/p>\n\n\n\n<p><em>Se aplicaran las mismas reglas que en la\nexplicaci\u00f3n anterior solo que todos los participantes formaran un \u00fanico grupo\ndel que saldr\u00e1n los 4 primeros o 2\u00ba para llevar acabo el top.<\/em><\/p>\n\n\n\n<figure class=\"wp-block-image\"><img src=\"\" alt=\"\"\/><\/figure>\n\n\n\n<p>El ganador de este \u00faltimo torneo ser\u00e1\nel ganador de la liga.<\/p>\n\n\n\n<p>Reglas:<\/p>\n\n\n\n<p>-Las reglas que se aplicaran\nser\u00e1n las reglas oficiales de vanguard del formato.<\/p>\n\n\n\n<p>(Excluido para los torneos\nespeciales).<\/p>\n\n\n\n<ul><li>los\njugadores dispondr\u00e1n de un tiempo limitado de turno, en el mejor de 3 ser\u00e1 de 2\nminuto, y en el mejor de 1 ser\u00e1 de 180 segundos. En caso de sobre pasar este\ntiempo por motivos suyos, recibir\u00e1 un aviso.<\/li><li>siempre\nque se toque deck o cementerio, la cartas de la mano del jugador que realiza\ndicha acci\u00f3n debe permanecer apartadas y las manos del jugador deben estar\nsiempre visibles y sobre la mesa en todo momento del juego.<\/li><li>Las\nmanos deben permanecer siempre a la vista del otro jugador y sobre la mesa.<\/li><li>Esta\npermitido el uso de dados o contadores para el control de uno mismo o del rival\ncon ellos, pero queda prohibido el uso de m\u00f3vil o relojes.<\/li><li>La\np\u00e9rdida de tiempo por parte de uno de los jugadores intencionalmente queda\nprohibida.<\/li><li>un\njugador puede revisar campo y cementerio del rival, pero pidiendo permiso\nantes, reglas de cortes\u00eda lo primero<\/li><\/ul>\n\n\n\n<p>-Puede ser\nmotivo de warning para los jugadores si alguien les da informaci\u00f3n, comenta,\netc.<\/p>\n\n\n\n<ul><li>Espectadores\nno pueden intervenir.<\/li><\/ul>\n\n\n\n<p>-el\nincumplimiento de las anteriores reglas mencionadas, llevara como sanci\u00f3n un\naviso por cada ocasi\u00f3n en la que se incurra.<\/p>\n\n\n\n<ul><li>La\nacumulaci\u00f3n de 3 avisos en una misma partida ser\u00e1 una derrota autom\u00e1tica, y la\nacumulaci\u00f3n de 5 avisos en un torneo contara como la eliminaci\u00f3n del mismo\nsaliendo de este con 0 puntos y ultimo de esa\njornada.<\/li><li>Queda\npermitido el uso de parches o personalizaci\u00f3n, de los gifts. Siempre que se\npueden distinguir a simple vista para los jugadores<\/li><li>Cuando\nse hace ride a una unidad con gift est\u00e1s obligado a obtener uno desde tu gift\nzone, en caso de no poder obtener uno se perder\u00e1 autom\u00e1ticamente la partida por\nparte del jugador que no pueda obtener este.<\/li><li>no\nhabr\u00e1 turnos, el tiempo ser\u00e1 el tiempo, lo \u00fanico permitido ser\u00e1 terminar el\nataque solo en caso de que este se iniciara antes de la finalizaci\u00f3n del mismo.<\/li><li>Se\ntomara en cuenta la lista de restricciones y erratas tanto de la lista inglesa\ncomo la japonesa, teniendo en cuanta desde la fecha m\u00e1s pr\u00f3xima indicada de\nambas.<\/li><li>Los\njugadores nuevos podr\u00e1n llevar cartas en otros idiomas siempre que estas ya est\u00e9n\ndisponibles en la versi\u00f3n inglesa, y se lleve una traducci\u00f3n de las mismas. En\ncaso de tener una mezcla de idiomas se deber\u00e1n adoptar las medidas pertinente\npara que estas no afecten a la forma de jugar (grosor, relieves,etc). (Esta\nregla ser\u00e1 solo por la primera liga)<\/li><\/ul>\n\n\n\n<p>Premios: (En observaci\u00f3n )<\/p>\n\n\n\n<ul><li>Los\nparticipantes recibir\u00e1n 1 gift personalizado por torneo.<\/li><\/ul>\n\n\n\n<figure class=\"wp-block-image\"><img src=\"\" alt=\"\"\/><\/figure>\n\n\n\n<ul><li>Los ganadores de la liga y los torneos\nser\u00e1n m\u00e1s gift personalizados seg\u00fan participaci\u00f3n<\/li><li>Los premios se entregaran una vez finalizada la liga.<\/li><li>La liga tendr\u00e1 un coste de 10 euros por participante\nque se abonaran al comienzo de la misma<\/li><li>Premios Sorpresa<\/li><li>Vales de tienda en Padis<\/li><\/ul>\n\n\n\n<p>Link:<\/p>\n\n\n\n<ul><li>reglas CF Vanguard:  <a href=\"https:\/\/en.bushiroad.com\/wp\/wp-content\/uploads\/Bushiroad_Floor_Rules_112.pdf\" target=\"_blank\" rel=\"noreferrer noopener\" aria-label=\"https:\/\/en.bushiroad.com\/wp\/wp-content\/uploads\/Bushiroad_Floor_Rules_112.pdf (se abre en una nueva pesta\u00f1a)\"><strong>https:\/\/en.bushiroad.com\/wp\/wp-content\/uploads\/Bushiroad_Floor_Rules_112.pdf<\/strong><\/a><\/li><li>pagina oficial de Bushiroas: <a href=\"https:\/\/en.cf-vanguard.com\/howto\/fighters_rules\/\" target=\"_blank\" rel=\"noreferrer noopener\" aria-label=\"https:\/\/en.cf-vanguard.com\/howto\/fighters_rules\/  (se abre en una nueva pesta\u00f1a)\"><strong>https:\/\/en.cf-vanguard.com\/howto\/fighters_rules\/ <\/strong><\/a><\/li><\/ul>\n\n\n\n<div class='code-block code-block-7' style='margin: 8px 0; clear: both;'>\n<script>\ndocument.getElementsByClassName('breadcrumb-area')[0].style.display='none'\n<\/script>\n<style>\n.menu-item-type-custom{\n  color: rgba(255, 255, 255, 0.70);\n}\n<\/style><\/div>\n\n","protected":false},"excerpt":{"rendered":"<p>Liga de vanguard. La liga est\u00e1 conformada por 12 jornadas (12 s\u00e1bados) en formato Est\u00e1ndar. -cada jornada se llevara a cabo un torneo que constara en partidas al mejor de 3 de una duraci\u00f3n de 20-30 minutos de duraci\u00f3n dependiendo de la participaci\u00f3n y de &hellip; <a href=\"https:\/\/phantomblasterdragons.es\/vanguard\/reglas-liga\/\" class=\"more-link\"><span>Seguir leyendo<span class=\"screen-reader-text\">reglas Liga<\/span><\/span><\/a><\/p>\n","protected":false},"author":1,"featured_media":0,"parent":0,"menu_order":0,"comment_status":"closed","ping_status":"closed","template":"","meta":[],"_links":{"self":[{"href":"https:\/\/phantomblasterdragons.es\/vanguard\/wp-json\/wp\/v2\/pages\/21"}],"collection":[{"href":"https:\/\/phantomblasterdragons.es\/vanguard\/wp-json\/wp\/v2\/pages"}],"about":[{"href":"https:\/\/phantomblasterdragons.es\/vanguard\/wp-json\/wp\/v2\/types\/page"}],"author":[{"embeddable":true,"href":"https:\/\/phantomblasterdragons.es\/vanguard\/wp-json\/wp\/v2\/users\/1"}],"replies":[{"embeddable":true,"href":"https:\/\/phantomblasterdragons.es\/vanguard\/wp-json\/wp\/v2\/comments?post=21"}],"version-history":[{"count":7,"href":"https:\/\/phantomblasterdragons.es\/vanguard\/wp-json\/wp\/v2\/pages\/21\/revisions"}],"predecessor-version":[{"id":64,"href":"https:\/\/phantomblasterdragons.es\/vanguard\/wp-json\/wp\/v2\/pages\/21\/revisions\/64"}],"wp:attachment":[{"href":"https:\/\/phantomblasterdragons.es\/vanguard\/wp-json\/wp\/v2\/media?parent=21"}],"curies":[{"name":"wp","href":"https:\/\/api.w.org\/{rel}","templated":true}]}}